{"id":58,"date":"2022-02-02T14:25:53","date_gmt":"2022-02-02T14:25:53","guid":{"rendered":"https:\/\/www.arctichoney.fi\/?page_id=58"},"modified":"2026-01-22T10:02:59","modified_gmt":"2026-01-22T08:02:59","slug":"tietoa-meista","status":"publish","type":"page","link":"https:\/\/www.arctichoney.fi\/en\/tietoa-meista\/","title":{"rendered":"More about us"},"content":{"rendered":"<h2>Harmaala's Honey<\/h2>\n<p><strong>Kes\u00e4ll\u00e4 2025 mehil\u00e4istarhauksemme muuttui enemm\u00e4n sivutoimiseksi, kun tulin valituksi Suomen Mehil\u00e4ishoitajain Liittoon mehil\u00e4ishoidon neuvojaksi.<\/strong><\/p>\n<p><strong>Voisi sanoa, ett\u00e4 meni hyv\u00e4 harrastus pilalle, kun nyt pit\u00e4\u00e4 mehil\u00e4ishoitoa tehd\u00e4 ihan ty\u00f6kseen.<\/strong><\/p>\n<p><strong>Vastuu alueeseeni kuuluu valtakunnallisesti:<br \/><\/strong><strong>Yleinen tarhausneuvonta ja -koulutus<br \/><\/strong><b>Mehil\u00e4istauti- ja karhuvahinkoneuvonta<br \/><\/b><b>Havaintotarhaajaverkosto: jalostusarvostelu, varroatarkkailu<br \/><\/b><b>Yhteisty\u00f6 pohjois- ja Baltian maiden mehil\u00e4ishoitajien kanssa<\/b><\/p>\n<p><b>Lis\u00e4ksi tehd\u00e4\u00e4n Mehil\u00e4inen- lehte\u00e4<\/b><br \/>\n\t\t\t\t\t\t\t\t\t\t\t\t\t\t\t<img fetchpriority=\"high\" decoding=\"async\" width=\"1024\" height=\"682\" src=\"https:\/\/www.arctichoney.fi\/wp-content\/uploads\/2026\/01\/MG_8315-Edit-Edit-1024x682.jpg\" alt=\"\" srcset=\"https:\/\/www.arctichoney.fi\/wp-content\/uploads\/2026\/01\/MG_8315-Edit-Edit-1024x682.jpg 1024w, https:\/\/www.arctichoney.fi\/wp-content\/uploads\/2026\/01\/MG_8315-Edit-Edit-300x200.jpg 300w, https:\/\/www.arctichoney.fi\/wp-content\/uploads\/2026\/01\/MG_8315-Edit-Edit-768x512.jpg 768w, https:\/\/www.arctichoney.fi\/wp-content\/uploads\/2026\/01\/MG_8315-Edit-Edit-391x260.jpg 391w, https:\/\/www.arctichoney.fi\/wp-content\/uploads\/2026\/01\/MG_8315-Edit-Edit-1536x1024.jpg 1536w, https:\/\/www.arctichoney.fi\/wp-content\/uploads\/2026\/01\/MG_8315-Edit-Edit-18x12.jpg 18w, https:\/\/www.arctichoney.fi\/wp-content\/uploads\/2026\/01\/MG_8315-Edit-Edit-1320x880.jpg 1320w, https:\/\/www.arctichoney.fi\/wp-content\/uploads\/2026\/01\/MG_8315-Edit-Edit-600x400.jpg 600w, https:\/\/www.arctichoney.fi\/wp-content\/uploads\/2026\/01\/MG_8315-Edit-Edit.jpg 2000w\" sizes=\"(max-width: 1024px) 100vw, 1024px\" \/>\t\t\t\t\t\t\t\t\t\t\t\t\t\t\t<\/p>\n<p>Kuva: Tiina T\u00f6rm\u00e4nen<\/p>\n<p><b>Suomen Mehil\u00e4ishoitajain Liiton j\u00e4rjest\u00e4m\u00e4 Suomen paras hunajakilpailu 2022 oli meille j\u00e4lleen menestys. Hunajamme arvostettiin sarjassaan Suomen toiseksi parhaaksi hunajaksi.\u00a0<\/b><\/p>\n<p><b>2021 hunajamme palkittiin laatukunniakirjalla, 2020 sijoitus oli viides, 2019 hunajamme sai erityismaininnan ja v<\/b><b style=\"font-size: 15px;\">uonna 2018 hunajamme palkittiin Suomen Mehil\u00e4ishoitajainliiton sadonkorjuu seminaarissa Suomen parhaaksi hunajaksi.<\/b><\/p>\n<p><b> <\/b><b style=\"font-size: 15px;\">Here's an article (In Finnish) about the topic:\u00a0<a href=\"https:\/\/www.mehilaishoitajat.fi\/?x118281=5607766\" target=\"_blank\" rel=\"noopener\">Suomen Paras Hunaja<\/a><\/b><\/p>\n<p>\t\t\t\t\t\t\t\t\t\t\t\t\t\t\t<img decoding=\"async\" width=\"724\" height=\"1024\" src=\"https:\/\/www.arctichoney.fi\/wp-content\/uploads\/2023\/02\/Kunniakirja2022-724x1024.png\" alt=\"\" srcset=\"https:\/\/www.arctichoney.fi\/wp-content\/uploads\/2023\/02\/Kunniakirja2022-724x1024.png 724w, https:\/\/www.arctichoney.fi\/wp-content\/uploads\/2023\/02\/Kunniakirja2022-212x300.png 212w, https:\/\/www.arctichoney.fi\/wp-content\/uploads\/2023\/02\/Kunniakirja2022-768x1086.png 768w, https:\/\/www.arctichoney.fi\/wp-content\/uploads\/2023\/02\/Kunniakirja2022-1086x1536.png 1086w, https:\/\/www.arctichoney.fi\/wp-content\/uploads\/2023\/02\/Kunniakirja2022-1448x2048.png 1448w, https:\/\/www.arctichoney.fi\/wp-content\/uploads\/2023\/02\/Kunniakirja2022-8x12.png 8w, https:\/\/www.arctichoney.fi\/wp-content\/uploads\/2023\/02\/Kunniakirja2022-1320x1867.png 1320w, https:\/\/www.arctichoney.fi\/wp-content\/uploads\/2023\/02\/Kunniakirja2022-600x849.png 600w\" sizes=\"(max-width: 724px) 100vw, 724px\" \/><br \/>\n\t\t\t\t\t\t\t\t\t\t\t\t\t\t\t<img decoding=\"async\" width=\"1163\" height=\"872\" src=\"https:\/\/www.arctichoney.fi\/wp-content\/uploads\/2022\/02\/IMG_20170612_145750.jpg\" alt=\"mehil\u00e4istarha,mehil\u00e4ishoitajat,mehil\u00e4ispes\u00e4,mehil\u00e4is\" srcset=\"https:\/\/www.arctichoney.fi\/wp-content\/uploads\/2022\/02\/IMG_20170612_145750.jpg 1163w, https:\/\/www.arctichoney.fi\/wp-content\/uploads\/2022\/02\/IMG_20170612_145750-600x450.jpg 600w, https:\/\/www.arctichoney.fi\/wp-content\/uploads\/2022\/02\/IMG_20170612_145750-300x225.jpg 300w, https:\/\/www.arctichoney.fi\/wp-content\/uploads\/2022\/02\/IMG_20170612_145750-1024x768.jpg 1024w, https:\/\/www.arctichoney.fi\/wp-content\/uploads\/2022\/02\/IMG_20170612_145750-768x576.jpg 768w, https:\/\/www.arctichoney.fi\/wp-content\/uploads\/2022\/02\/IMG_20170612_145750-16x12.jpg 16w\" sizes=\"(max-width: 1163px) 100vw, 1163px\" \/>\t\t\t\t\t\t\t\t\t\t\t\t\t\t\t<\/p>\n<p><b>Alunperin homma l\u00e4hti harrastuksesta, mehil\u00e4isi\u00e4 olen tarhannut kes\u00e4st\u00e4 2012 l\u00e4htien. Paikalliselle l\u00e4hihunajalle tuntui olevan kovasti kysynt\u00e4\u00e4, ja tu<\/b><strong>I had a thought, whether I should start producing honey as a profession.<\/strong><\/p>\n<p><b>I started my business in September 2017. Bee colonies have multiplied <\/b><b>kahdesta yhdyskunnasta l\u00e4hemm\u00e4s 80:een. <\/b><\/p>\n<p><b>The vocational qualification of a beekeeper I completed in November 2018.<\/b><\/p>\n<p><strong>The long summer days, the short and bright nights, along with the unique plantation of the area, all make sure that the honey I produce will have a great taste. That is also why the honey of the north has always gotten good placements in the annual \"Finland's best honey\" competition. <\/strong><\/p>\n<p>\t<br \/>\n\t\t\t\t\t\t\t\t\t\t\t\t\t\t\t<img loading=\"lazy\" decoding=\"async\" width=\"1024\" height=\"768\" src=\"https:\/\/www.arctichoney.fi\/wp-content\/uploads\/2022\/02\/pesakuva-1024x768.jpg\" alt=\"\" srcset=\"https:\/\/www.arctichoney.fi\/wp-content\/uploads\/2022\/02\/pesakuva-1024x768.jpg 1024w, https:\/\/www.arctichoney.fi\/wp-content\/uploads\/2022\/02\/pesakuva-600x450.jpg 600w, https:\/\/www.arctichoney.fi\/wp-content\/uploads\/2022\/02\/pesakuva-300x225.jpg 300w, https:\/\/www.arctichoney.fi\/wp-content\/uploads\/2022\/02\/pesakuva-768x576.jpg 768w, https:\/\/www.arctichoney.fi\/wp-content\/uploads\/2022\/02\/pesakuva-16x12.jpg 16w, https:\/\/www.arctichoney.fi\/wp-content\/uploads\/2022\/02\/pesakuva.jpg 1320w\" sizes=\"(max-width: 1024px) 100vw, 1024px\" \/><br \/>\n\t\t<\/p>","protected":false},"excerpt":{"rendered":"<p>Harmaalan Hunajaa Kes\u00e4ll\u00e4 2025 mehil\u00e4istarhauksemme muuttui enemm\u00e4n sivutoimiseksi, kun tulin valituksi Suomen Mehil\u00e4ishoitajain Liittoon mehil\u00e4ishoidon neuvojaksi. Voisi sanoa, ett\u00e4 meni hyv\u00e4 harrastus pilalle, kun nyt pit\u00e4\u00e4 mehil\u00e4ishoitoa tehd\u00e4 ihan ty\u00f6kseen. Vastuu alueeseeni kuuluu valtakunnallisesti:Yleinen tarhausneuvonta ja -koulutusMehil\u00e4istauti- ja karhuvahinkoneuvontaHavaintotarhaajaverkosto: jalostusarvostelu, varroatarkkailuYhteisty\u00f6 pohjois- ja Baltian maiden mehil\u00e4ishoitajien kanssa Lis\u00e4ksi tehd\u00e4\u00e4n Mehil\u00e4inen- lehte\u00e4 Kuva: Tiina T\u00f6rm\u00e4nen Suomen [&hellip;]<\/p>\n","protected":false},"author":1,"featured_media":0,"parent":0,"menu_order":0,"comment_status":"closed","ping_status":"closed","template":"","meta":{"ocean_post_layout":"full-width","ocean_both_sidebars_style":"","ocean_both_sidebars_content_width":0,"ocean_both_sidebars_sidebars_width":0,"ocean_sidebar":"0","ocean_second_sidebar":"0","ocean_disable_margins":"enable","ocean_add_body_class":"","ocean_shortcode_before_top_bar":"","ocean_shortcode_after_top_bar":"","ocean_shortcode_before_header":"","ocean_shortcode_after_header":"","ocean_has_shortcode":"","ocean_shortcode_after_title":"","ocean_shortcode_before_footer_widgets":"","ocean_shortcode_after_footer_widgets":"","ocean_shortcode_before_footer_bottom":"","ocean_shortcode_after_footer_bottom":"","ocean_display_top_bar":"default","ocean_display_header":"default","ocean_header_style":"","ocean_center_header_left_menu":"0","ocean_custom_header_template":"0","ocean_custom_logo":0,"ocean_custom_retina_logo":0,"ocean_custom_logo_max_width":0,"ocean_custom_logo_tablet_max_width":0,"ocean_custom_logo_mobile_max_width":0,"ocean_custom_logo_max_height":0,"ocean_custom_logo_tablet_max_height":0,"ocean_custom_logo_mobile_max_height":0,"ocean_header_custom_menu":"0","ocean_menu_typo_font_family":"0","ocean_menu_typo_font_subset":"","ocean_menu_typo_font_size":0,"ocean_menu_typo_font_size_tablet":0,"ocean_menu_typo_font_size_mobile":0,"ocean_menu_typo_font_size_unit":"px","ocean_menu_typo_font_weight":"","ocean_menu_typo_font_weight_tablet":"","ocean_menu_typo_font_weight_mobile":"","ocean_menu_typo_transform":"","ocean_menu_typo_transform_tablet":"","ocean_menu_typo_transform_mobile":"","ocean_menu_typo_line_height":0,"ocean_menu_typo_line_height_tablet":0,"ocean_menu_typo_line_height_mobile":0,"ocean_menu_typo_line_height_unit":"","ocean_menu_typo_spacing":0,"ocean_menu_typo_spacing_tablet":0,"ocean_menu_typo_spacing_mobile":0,"ocean_menu_typo_spacing_unit":"","ocean_menu_link_color":"","ocean_menu_link_color_hover":"","ocean_menu_link_color_active":"","ocean_menu_link_background":"","ocean_menu_link_hover_background":"","ocean_menu_link_active_background":"","ocean_menu_social_links_bg":"","ocean_menu_social_hover_links_bg":"","ocean_menu_social_links_color":"","ocean_menu_social_hover_links_color":"","ocean_disable_title":"default","ocean_disable_heading":"default","ocean_post_title":"","ocean_post_subheading":"","ocean_post_title_style":"","ocean_post_title_background_color":"","ocean_post_title_background":0,"ocean_post_title_bg_image_position":"","ocean_post_title_bg_image_attachment":"","ocean_post_title_bg_image_repeat":"","ocean_post_title_bg_image_size":"","ocean_post_title_height":0,"ocean_post_title_bg_overlay":0.5,"ocean_post_title_bg_overlay_color":"","ocean_disable_breadcrumbs":"default","ocean_breadcrumbs_color":"","ocean_breadcrumbs_separator_color":"","ocean_breadcrumbs_links_color":"","ocean_breadcrumbs_links_hover_color":"","ocean_display_footer_widgets":"default","ocean_display_footer_bottom":"default","ocean_custom_footer_template":"0","footnotes":""},"class_list":["post-58","page","type-page","status-publish","hentry","entry","owp-thumbs-layout-horizontal","owp-btn-normal","owp-tabs-layout-horizontal","has-no-thumbnails","has-product-nav"],"yoast_head":"<!-- This site is optimized with the Yoast SEO plugin v27.4 - https:\/\/yoast.com\/product\/yoast-seo-wordpress\/ -->\n<title>Arctic Honey - Tietoa Meist\u00e4<\/title>\n<meta name=\"description\" content=\"T\u00e4lt\u00e4 sivulta l\u00f6yd\u00e4t tietoa Arctic honeyn tarinasta ja mehil\u00e4isten hoidosta, sek\u00e4 kuvagallerian siit\u00e4 miten asiat hoidetaan meill\u00e4.\" \/>\n<meta name=\"robots\" content=\"index, follow, max-snippet:-1, max-image-preview:large, max-video-preview:-1\" \/>\n<link rel=\"canonical\" href=\"https:\/\/www.arctichoney.fi\/en\/tietoa-meista\/\" \/>\n<meta property=\"og:locale\" content=\"en_US\" \/>\n<meta property=\"og:type\" content=\"article\" \/>\n<meta property=\"og:title\" content=\"Arctic Honey - Tietoa Meist\u00e4\" \/>\n<meta property=\"og:description\" content=\"T\u00e4lt\u00e4 sivulta l\u00f6yd\u00e4t tietoa Arctic honeyn tarinasta ja mehil\u00e4isten hoidosta, sek\u00e4 kuvagallerian siit\u00e4 miten asiat hoidetaan meill\u00e4.\" \/>\n<meta property=\"og:url\" content=\"https:\/\/www.arctichoney.fi\/en\/tietoa-meista\/\" \/>\n<meta property=\"og:site_name\" content=\"Arctic Honey\" \/>\n<meta property=\"article:publisher\" content=\"https:\/\/www.facebook.com\/PHarmaala\/\" \/>\n<meta property=\"article:modified_time\" content=\"2026-01-22T08:02:59+00:00\" \/>\n<meta property=\"og:image\" content=\"https:\/\/www.arctichoney.fi\/wp-content\/uploads\/2026\/01\/MG_8315-Edit-Edit-1024x682.jpg\" \/>\n<meta name=\"twitter:card\" content=\"summary_large_image\" \/>\n<meta name=\"twitter:label1\" content=\"Est. reading time\" \/>\n\t<meta name=\"twitter:data1\" content=\"2 minutes\" \/>\n<script type=\"application\/ld+json\" class=\"yoast-schema-graph\">{\"@context\":\"https:\\\/\\\/schema.org\",\"@graph\":[{\"@type\":\"WebPage\",\"@id\":\"https:\\\/\\\/www.arctichoney.fi\\\/tietoa-meista\\\/\",\"url\":\"https:\\\/\\\/www.arctichoney.fi\\\/tietoa-meista\\\/\",\"name\":\"Arctic Honey - Tietoa Meist\u00e4\",\"isPartOf\":{\"@id\":\"https:\\\/\\\/www.arctichoney.fi\\\/#website\"},\"primaryImageOfPage\":{\"@id\":\"https:\\\/\\\/www.arctichoney.fi\\\/tietoa-meista\\\/#primaryimage\"},\"image\":{\"@id\":\"https:\\\/\\\/www.arctichoney.fi\\\/tietoa-meista\\\/#primaryimage\"},\"thumbnailUrl\":\"https:\\\/\\\/www.arctichoney.fi\\\/wp-content\\\/uploads\\\/2026\\\/01\\\/MG_8315-Edit-Edit-1024x682.jpg\",\"datePublished\":\"2022-02-02T14:25:53+00:00\",\"dateModified\":\"2026-01-22T08:02:59+00:00\",\"description\":\"T\u00e4lt\u00e4 sivulta l\u00f6yd\u00e4t tietoa Arctic honeyn tarinasta ja mehil\u00e4isten hoidosta, sek\u00e4 kuvagallerian siit\u00e4 miten asiat hoidetaan meill\u00e4.\",\"breadcrumb\":{\"@id\":\"https:\\\/\\\/www.arctichoney.fi\\\/tietoa-meista\\\/#breadcrumb\"},\"inLanguage\":\"en-US\",\"potentialAction\":[{\"@type\":\"ReadAction\",\"target\":[\"https:\\\/\\\/www.arctichoney.fi\\\/tietoa-meista\\\/\"]}]},{\"@type\":\"ImageObject\",\"inLanguage\":\"en-US\",\"@id\":\"https:\\\/\\\/www.arctichoney.fi\\\/tietoa-meista\\\/#primaryimage\",\"url\":\"https:\\\/\\\/www.arctichoney.fi\\\/wp-content\\\/uploads\\\/2026\\\/01\\\/MG_8315-Edit-Edit-1024x682.jpg\",\"contentUrl\":\"https:\\\/\\\/www.arctichoney.fi\\\/wp-content\\\/uploads\\\/2026\\\/01\\\/MG_8315-Edit-Edit-1024x682.jpg\"},{\"@type\":\"BreadcrumbList\",\"@id\":\"https:\\\/\\\/www.arctichoney.fi\\\/tietoa-meista\\\/#breadcrumb\",\"itemListElement\":[{\"@type\":\"ListItem\",\"position\":1,\"name\":\"Etusivu\",\"item\":\"https:\\\/\\\/www.arctichoney.fi\\\/\"},{\"@type\":\"ListItem\",\"position\":2,\"name\":\"Tietoa Meist\u00e4\"}]},{\"@type\":\"WebSite\",\"@id\":\"https:\\\/\\\/www.arctichoney.fi\\\/#website\",\"url\":\"https:\\\/\\\/www.arctichoney.fi\\\/\",\"name\":\"Arctic Honey\",\"description\":\"Harmaalan hunajaa pohjoisen puhtaasta luonnosta\",\"publisher\":{\"@id\":\"https:\\\/\\\/www.arctichoney.fi\\\/#organization\"},\"potentialAction\":[{\"@type\":\"SearchAction\",\"target\":{\"@type\":\"EntryPoint\",\"urlTemplate\":\"https:\\\/\\\/www.arctichoney.fi\\\/?s={search_term_string}\"},\"query-input\":{\"@type\":\"PropertyValueSpecification\",\"valueRequired\":true,\"valueName\":\"search_term_string\"}}],\"inLanguage\":\"en-US\"},{\"@type\":\"Organization\",\"@id\":\"https:\\\/\\\/www.arctichoney.fi\\\/#organization\",\"name\":\"Arctic Honey\",\"url\":\"https:\\\/\\\/www.arctichoney.fi\\\/\",\"logo\":{\"@type\":\"ImageObject\",\"inLanguage\":\"en-US\",\"@id\":\"https:\\\/\\\/www.arctichoney.fi\\\/#\\\/schema\\\/logo\\\/image\\\/\",\"url\":\"https:\\\/\\\/www.arctichoney.fi\\\/wp-content\\\/uploads\\\/2022\\\/02\\\/cropped-Harmaalan_logo_round-2.png\",\"contentUrl\":\"https:\\\/\\\/www.arctichoney.fi\\\/wp-content\\\/uploads\\\/2022\\\/02\\\/cropped-Harmaalan_logo_round-2.png\",\"width\":1671,\"height\":1671,\"caption\":\"Arctic Honey\"},\"image\":{\"@id\":\"https:\\\/\\\/www.arctichoney.fi\\\/#\\\/schema\\\/logo\\\/image\\\/\"},\"sameAs\":[\"https:\\\/\\\/www.facebook.com\\\/PHarmaala\\\/\"]}]}<\/script>\n<!-- \/ Yoast SEO plugin. -->","yoast_head_json":{"title":"Arctic Honey - Tietoa Meist\u00e4","description":"T\u00e4lt\u00e4 sivulta l\u00f6yd\u00e4t tietoa Arctic honeyn tarinasta ja mehil\u00e4isten hoidosta, sek\u00e4 kuvagallerian siit\u00e4 miten asiat hoidetaan meill\u00e4.","robots":{"index":"index","follow":"follow","max-snippet":"max-snippet:-1","max-image-preview":"max-image-preview:large","max-video-preview":"max-video-preview:-1"},"canonical":"https:\/\/www.arctichoney.fi\/en\/tietoa-meista\/","og_locale":"en_US","og_type":"article","og_title":"Arctic Honey - Tietoa Meist\u00e4","og_description":"T\u00e4lt\u00e4 sivulta l\u00f6yd\u00e4t tietoa Arctic honeyn tarinasta ja mehil\u00e4isten hoidosta, sek\u00e4 kuvagallerian siit\u00e4 miten asiat hoidetaan meill\u00e4.","og_url":"https:\/\/www.arctichoney.fi\/en\/tietoa-meista\/","og_site_name":"Arctic Honey","article_publisher":"https:\/\/www.facebook.com\/PHarmaala\/","article_modified_time":"2026-01-22T08:02:59+00:00","og_image":[{"url":"https:\/\/www.arctichoney.fi\/wp-content\/uploads\/2026\/01\/MG_8315-Edit-Edit-1024x682.jpg","type":"","width":"","height":""}],"twitter_card":"summary_large_image","twitter_misc":{"Est. reading time":"2 minutes"},"schema":{"@context":"https:\/\/schema.org","@graph":[{"@type":"WebPage","@id":"https:\/\/www.arctichoney.fi\/tietoa-meista\/","url":"https:\/\/www.arctichoney.fi\/tietoa-meista\/","name":"Arctic Honey - Tietoa Meist\u00e4","isPartOf":{"@id":"https:\/\/www.arctichoney.fi\/#website"},"primaryImageOfPage":{"@id":"https:\/\/www.arctichoney.fi\/tietoa-meista\/#primaryimage"},"image":{"@id":"https:\/\/www.arctichoney.fi\/tietoa-meista\/#primaryimage"},"thumbnailUrl":"https:\/\/www.arctichoney.fi\/wp-content\/uploads\/2026\/01\/MG_8315-Edit-Edit-1024x682.jpg","datePublished":"2022-02-02T14:25:53+00:00","dateModified":"2026-01-22T08:02:59+00:00","description":"T\u00e4lt\u00e4 sivulta l\u00f6yd\u00e4t tietoa Arctic honeyn tarinasta ja mehil\u00e4isten hoidosta, sek\u00e4 kuvagallerian siit\u00e4 miten asiat hoidetaan meill\u00e4.","breadcrumb":{"@id":"https:\/\/www.arctichoney.fi\/tietoa-meista\/#breadcrumb"},"inLanguage":"en-US","potentialAction":[{"@type":"ReadAction","target":["https:\/\/www.arctichoney.fi\/tietoa-meista\/"]}]},{"@type":"ImageObject","inLanguage":"en-US","@id":"https:\/\/www.arctichoney.fi\/tietoa-meista\/#primaryimage","url":"https:\/\/www.arctichoney.fi\/wp-content\/uploads\/2026\/01\/MG_8315-Edit-Edit-1024x682.jpg","contentUrl":"https:\/\/www.arctichoney.fi\/wp-content\/uploads\/2026\/01\/MG_8315-Edit-Edit-1024x682.jpg"},{"@type":"BreadcrumbList","@id":"https:\/\/www.arctichoney.fi\/tietoa-meista\/#breadcrumb","itemListElement":[{"@type":"ListItem","position":1,"name":"Etusivu","item":"https:\/\/www.arctichoney.fi\/"},{"@type":"ListItem","position":2,"name":"Tietoa Meist\u00e4"}]},{"@type":"WebSite","@id":"https:\/\/www.arctichoney.fi\/#website","url":"https:\/\/www.arctichoney.fi\/","name":"Arctic Honey","description":"Harmaalan hunajaa pohjoisen puhtaasta luonnosta","publisher":{"@id":"https:\/\/www.arctichoney.fi\/#organization"},"potentialAction":[{"@type":"SearchAction","target":{"@type":"EntryPoint","urlTemplate":"https:\/\/www.arctichoney.fi\/?s={search_term_string}"},"query-input":{"@type":"PropertyValueSpecification","valueRequired":true,"valueName":"search_term_string"}}],"inLanguage":"en-US"},{"@type":"Organization","@id":"https:\/\/www.arctichoney.fi\/#organization","name":"Arctic Honey","url":"https:\/\/www.arctichoney.fi\/","logo":{"@type":"ImageObject","inLanguage":"en-US","@id":"https:\/\/www.arctichoney.fi\/#\/schema\/logo\/image\/","url":"https:\/\/www.arctichoney.fi\/wp-content\/uploads\/2022\/02\/cropped-Harmaalan_logo_round-2.png","contentUrl":"https:\/\/www.arctichoney.fi\/wp-content\/uploads\/2022\/02\/cropped-Harmaalan_logo_round-2.png","width":1671,"height":1671,"caption":"Arctic Honey"},"image":{"@id":"https:\/\/www.arctichoney.fi\/#\/schema\/logo\/image\/"},"sameAs":["https:\/\/www.facebook.com\/PHarmaala\/"]}]}},"_links":{"self":[{"href":"https:\/\/www.arctichoney.fi\/en\/wp-json\/wp\/v2\/pages\/58","targetHints":{"allow":["GET"]}}],"collection":[{"href":"https:\/\/www.arctichoney.fi\/en\/wp-json\/wp\/v2\/pages"}],"about":[{"href":"https:\/\/www.arctichoney.fi\/en\/wp-json\/wp\/v2\/types\/page"}],"author":[{"embeddable":true,"href":"https:\/\/www.arctichoney.fi\/en\/wp-json\/wp\/v2\/users\/1"}],"replies":[{"embeddable":true,"href":"https:\/\/www.arctichoney.fi\/en\/wp-json\/wp\/v2\/comments?post=58"}],"version-history":[{"count":129,"href":"https:\/\/www.arctichoney.fi\/en\/wp-json\/wp\/v2\/pages\/58\/revisions"}],"predecessor-version":[{"id":1412,"href":"https:\/\/www.arctichoney.fi\/en\/wp-json\/wp\/v2\/pages\/58\/revisions\/1412"}],"wp:attachment":[{"href":"https:\/\/www.arctichoney.fi\/en\/wp-json\/wp\/v2\/media?parent=58"}],"curies":[{"name":"wp","href":"https:\/\/api.w.org\/{rel}","templated":true}]}}